{"id":1198,"date":"2019-01-31T16:47:20","date_gmt":"2019-01-31T16:47:20","guid":{"rendered":"https:\/\/betablog.gymglish.com\/?page_id=1198"},"modified":"2019-01-31T16:47:21","modified_gmt":"2019-01-31T16:47:21","slug":"a-propos","status":"publish","type":"page","link":"https:\/\/blog.gymglish.com\/fr\/a-propos","title":{"rendered":"\u00c0 propos"},"content":{"rendered":"\n<p>Fond\u00e9e en f\u00e9vrier 2004, Gymglish propose une nouvelle approche de l&#8217;auto-apprentissage \u00e0 distance : des efforts d&#8217;apprentissage concis, r\u00e9guliers et inscrits dans la dur\u00e9e, avec l&#8217;objectif de stimuler la motivation et l&#8217;assiduit\u00e9 gr\u00e2ce \u00e0 des contenus personnalis\u00e9s et ludiques.<\/p>\n\n\n\n<p>Les formations Gymglish, Frantastique et Rich Morning Show sont utilis\u00e9es par plus de 4 000 000 d&#8217;utilisateurs dans le monde, 6000 entreprises et 300 \u00e9coles de langues et universit\u00e9s partenaires. Nous sommes une \u00e9quipe de 40 personnes (9 nationalit\u00e9s) passionn\u00e9es par l&#8217;enseignement des langues et l&#8217;informatique. Nos bureaux sont situ\u00e9s \u00e0 Paris (France) et Tel Aviv (Isra\u00ebl).<\/p>\n\n\n\n<p>Nos formations sont con\u00e7ues et \u00e9dit\u00e9es dans leur ensemble (technologie et p\u00e9dagogie) par la soci\u00e9t\u00e9 A9 SAS.<\/p>\n\n\n\n<p>En savoir plus sur <a rel=\"noreferrer noopener\" aria-label=\" (opens in a new tab)\" href=\"https:\/\/www.gymglish.com\/fr\/about\" target=\"_blank\">gymglish.com<\/a> ou \u00e9crivez-nous sur contact@gymglish.com.<\/p>\n","protected":false},"excerpt":{"rendered":"<p>Fond\u00e9e en f\u00e9vrier 2004, Gymglish propose une nouvelle approche de l&#8217;auto-apprentissage \u00e0 distance : des efforts d&#8217;apprentissage concis, r\u00e9guliers et inscrits dans la dur\u00e9e, avec l&#8217;objectif de stimuler la motivation et l&#8217;assiduit\u00e9 gr\u00e2ce \u00e0 des contenus personnalis\u00e9s et ludiques. Les formations Gymglish, Frantastique et Rich Morning Show sont utilis\u00e9es par plus de 4 000 000 [&hellip;]<\/p>\n<a href=\"https:\/\/blog.gymglish.com\/fr\/a-propos\" class=\"more-link\">Lire la suite...<\/a>","protected":false},"author":151524248,"featured_media":0,"parent":0,"menu_order":0,"comment_status":"closed","ping_status":"closed","template":"","meta":{"jetpack_post_was_ever_published":false,"footnotes":""},"class_list":["post-1198","page","type-page","status-publish","hentry","col-xs-12 col-sm-6 col-md-4"],"yoast_head":"<!-- This site is optimized with the Yoast SEO plugin v27.3 - https:\/\/yoast.com\/product\/yoast-seo-wordpress\/ -->\n<title>\u00c0 propos<\/title>\n<meta name=\"robots\" content=\"index, follow, max-snippet:-1, max-image-preview:large, max-video-preview:-1\" \/>\n<link rel=\"canonical\" href=\"https:\/\/blog.gymglish.com\/fr\/a-propos\" \/>\n<meta property=\"og:locale\" content=\"fr_FR\" \/>\n<meta property=\"og:type\" content=\"article\" \/>\n<meta property=\"og:title\" content=\"\u00c0 propos\" \/>\n<meta property=\"og:description\" content=\"Fond\u00e9e en f\u00e9vrier 2004, Gymglish propose une nouvelle approche de l&#8217;auto-apprentissage \u00e0 distance : des efforts d&#8217;apprentissage concis, r\u00e9guliers et inscrits dans la dur\u00e9e, avec l&#8217;objectif de stimuler la motivation et l&#8217;assiduit\u00e9 gr\u00e2ce \u00e0 des contenus personnalis\u00e9s et ludiques. Les formations Gymglish, Frantastique et Rich Morning Show sont utilis\u00e9es par plus de 4 000 000 [&hellip;]\" \/>\n<meta property=\"og:url\" content=\"https:\/\/blog.gymglish.com\/fr\/a-propos\" \/>\n<meta property=\"og:site_name\" content=\"The Gymglish blog\" \/>\n<meta property=\"article:modified_time\" content=\"2019-01-31T16:47:21+00:00\" \/>\n<meta name=\"twitter:card\" content=\"summary_large_image\" \/>\n<meta name=\"twitter:label1\" content=\"Dur\u00e9e de lecture estim\u00e9e\" \/>\n\t<meta name=\"twitter:data1\" content=\"1 minute\" \/>\n<!-- \/ Yoast SEO plugin. -->","yoast_head_json":{"title":"\u00c0 propos","robots":{"index":"index","follow":"follow","max-snippet":"max-snippet:-1","max-image-preview":"max-image-preview:large","max-video-preview":"max-video-preview:-1"},"canonical":"https:\/\/blog.gymglish.com\/fr\/a-propos","og_locale":"fr_FR","og_type":"article","og_title":"\u00c0 propos","og_description":"Fond\u00e9e en f\u00e9vrier 2004, Gymglish propose une nouvelle approche de l&#8217;auto-apprentissage \u00e0 distance : des efforts d&#8217;apprentissage concis, r\u00e9guliers et inscrits dans la dur\u00e9e, avec l&#8217;objectif de stimuler la motivation et l&#8217;assiduit\u00e9 gr\u00e2ce \u00e0 des contenus personnalis\u00e9s et ludiques. Les formations Gymglish, Frantastique et Rich Morning Show sont utilis\u00e9es par plus de 4 000 000 [&hellip;]","og_url":"https:\/\/blog.gymglish.com\/fr\/a-propos","og_site_name":"The Gymglish blog","article_modified_time":"2019-01-31T16:47:21+00:00","twitter_card":"summary_large_image","twitter_misc":{"Dur\u00e9e de lecture estim\u00e9e":"1 minute"},"schema":{"@context":"https:\/\/schema.org","@graph":[{"@type":"WebPage","@id":"https:\/\/blog.gymglish.com\/fr\/a-propos","url":"https:\/\/blog.gymglish.com\/fr\/a-propos","name":"\u00c0 propos","isPartOf":{"@id":"https:\/\/blog.gymglish.com\/#website"},"datePublished":"2019-01-31T16:47:20+00:00","dateModified":"2019-01-31T16:47:21+00:00","breadcrumb":{"@id":"https:\/\/blog.gymglish.com\/fr\/a-propos#breadcrumb"},"inLanguage":"fr-FR","potentialAction":[{"@type":"ReadAction","target":["https:\/\/blog.gymglish.com\/fr\/a-propos"]}]},{"@type":"BreadcrumbList","@id":"https:\/\/blog.gymglish.com\/fr\/a-propos#breadcrumb","itemListElement":[{"@type":"ListItem","position":1,"name":"Home","item":"https:\/\/blog.gymglish.com\/fr"},{"@type":"ListItem","position":2,"name":"\u00c0 propos"}]},{"@type":"WebSite","@id":"https:\/\/blog.gymglish.com\/#website","url":"https:\/\/blog.gymglish.com\/","name":"The Gymglish blog","description":"","potentialAction":[{"@type":"SearchAction","target":{"@type":"EntryPoint","urlTemplate":"https:\/\/blog.gymglish.com\/?s={search_term_string}"},"query-input":{"@type":"PropertyValueSpecification","valueRequired":true,"valueName":"search_term_string"}}],"inLanguage":"fr-FR"}]}},"jetpack_sharing_enabled":true,"_links":{"self":[{"href":"https:\/\/blog.gymglish.com\/fr\/wp-json\/wp\/v2\/pages\/1198","targetHints":{"allow":["GET"]}}],"collection":[{"href":"https:\/\/blog.gymglish.com\/fr\/wp-json\/wp\/v2\/pages"}],"about":[{"href":"https:\/\/blog.gymglish.com\/fr\/wp-json\/wp\/v2\/types\/page"}],"author":[{"embeddable":true,"href":"https:\/\/blog.gymglish.com\/fr\/wp-json\/wp\/v2\/users\/151524248"}],"replies":[{"embeddable":true,"href":"https:\/\/blog.gymglish.com\/fr\/wp-json\/wp\/v2\/comments?post=1198"}],"version-history":[{"count":1,"href":"https:\/\/blog.gymglish.com\/fr\/wp-json\/wp\/v2\/pages\/1198\/revisions"}],"predecessor-version":[{"id":1199,"href":"https:\/\/blog.gymglish.com\/fr\/wp-json\/wp\/v2\/pages\/1198\/revisions\/1199"}],"wp:attachment":[{"href":"https:\/\/blog.gymglish.com\/fr\/wp-json\/wp\/v2\/media?parent=1198"}],"curies":[{"name":"wp","href":"https:\/\/api.w.org\/{rel}","templated":true}]}}